         {"id":9,"date":"2014-08-05T18:54:25","date_gmt":"2014-08-05T17:54:25","guid":{"rendered":"http:\/\/sdhstarec.cz\/?page_id=9"},"modified":"2014-08-11T17:41:26","modified_gmt":"2014-08-11T16:41:26","slug":"historie-sboru","status":"publish","type":"page","link":"https:\/\/sdhstarec.cz\/?page_id=9","title":{"rendered":"Historie sboru"},"content":{"rendered":"<p>&nbsp;&nbsp;Podle doklad\u016f zachovan\u00fdch v okresn\u00edm arch\u00edvu dne 6. 11. 1904 oznamuje na z\u00e1klad\u011b stanov schv\u00e1len\u00fdch valnou hromadou Spolek dobrovoln\u00fdch hasi\u010d\u016f ve Star\u010di p\u0159ihl\u00e1\u0161en\u00ed se za \u010dlena \u00dast\u0159edn\u00ed hasi\u010dsk\u00e9 jednoty Markrabstv\u00ed Moravsk\u00e9ho (obecn\u00ed rada schv\u00e1lila stanovy 11. z\u00e1\u0159\u00ed 1904). zakl\u00e1daj\u00edc\u00edch \u010dlen\u016f bylo 28 \u0159\u00e1dn\u00fdch a 8 mimo\u0159\u00e1dn\u00fdch , tedy \u00fahrnem 36 \u010dlen\u016f.<br \/>\n&nbsp;&nbsp;Sbor hasi\u010d\u016f byl pro obec velmi d\u016fle\u017eit\u00fdm spolkem s bohatou odbornou hasi\u010dskou \u010dinnost\u00ed i bohatou kulturn\u00ed \u010dinnost\u00ed. Z protokolu ze dne 25.5.1905 se dov\u00edd\u00e1me o p\u0159\u00edprav\u011b vysv\u011bcen\u00ed prvn\u00ed hasi\u010dsk\u00e9 st\u0159\u00edka\u010dky. V obdob\u00ed 1.sv\u011btov\u00e9 v\u00e1lky v\u011bt\u0161ina \u010dlen\u016f musela narukovat, a tak \u010dinnost spolku byla omezena. \u010cinnost se za\u010dala op\u011bt rozv\u00edjet a\u017e po roce 1919. Spolek \u010d\u00edtal 40 \u010dlen\u016f. Znovu se po\u0159\u00e1dala divadla, v\u00fdlety, plesy. Prob\u00edhala i pravideln\u00e1 cvi\u010den\u00ed s hasi\u010dskou st\u0159\u00edka\u010dkou.<br \/>\n&nbsp;&nbsp;Skladi\u0161t\u011b hasi\u010d\u016f bylo postaveno obc\u00ed ze star\u00e9 budovy uprost\u0159ed n\u00e1m\u011bst\u00ed, kde b\u00fdvala podle kroniky Nechv\u00e1talov\u00fdch kdysi &#8222;mydl\u00e1rna&#8220; a &#8222;kr\u00e1my&#8220;, kde se sekalo i maso. Budova byla zakoupena od vrchnosti s\u00e1deck\u00e9ho panstv\u00ed ji\u017e v roce 1856 za 200 zlat\u00fdch. Pozd\u011bji bylo z ji\u017en\u00ed strany uvoln\u011bno m\u00edsto pro st\u0159\u00edka\u010dku, kter\u00e1 byla, podle obecn\u00ed kroniky , zakoupena 11.7.1929 od firmy Hr\u010dek za 60 000 K\u010d. Na zakoupen\u00ed hasi\u010dsk\u00e9 st\u0159\u00edka\u010dky byla vyhl\u00e1\u0161ena i sb\u00edrka, k 20.1.1929 bylo vybr\u00e1no celkem 12 000 K\u010d. Zakoupena byla motorov\u00e1 st\u0159\u00edka\u010dka na \u010dty\u0159ech kolech ta\u017een\u00e1 ko\u0148mi. Sou\u010d\u00e1st\u00ed byl i dvoukolov\u00fd navij\u00e1k s 500 m konopn\u00fdch hadic. Sv\u011bcen\u00edm nov\u00e9 st\u0159\u00edka\u010dky prob\u00edhaly i oslavy 25 let trv\u00e1n\u00ed hasi\u010dsk\u00e9ho sboru.<br \/>\n&nbsp;&nbsp;Po 2.sv\u011btov\u00e9 v\u00e1lce sbor z\u00edskal mnoho nov\u00fdch \u010dlen\u016f. V roce 1946 zakoupil sbor sanitn\u00ed auto, kter\u00e9 pom\u00e1halo p\u0159i p\u0159evozu n\u00e1\u0159ad\u00ed a pot\u0159eb k ha\u0161en\u00ed po\u017e\u00e1r\u016f. Byly zakoupeny nov\u00e9 uniformy a \u010dty\u0159kolov\u00e1 st\u0159\u00edka\u010dka byla p\u0159ed\u011bl\u00e1na na dvoukolou, aby mohla b\u00fdt zapojov\u00e1na za auto.<br \/>\nKronika hasi\u010dsk\u00e9ho spolku se bohu\u017eel ztratila v\u010detn\u011b ostatn\u00ed dokumentace. Zachovalo se pouze fotoalbum divadeln\u00edch p\u0159edstaven\u00ed od roku 1921 a z\u00e1pisy ze sch\u016fz\u00ed od roku 1972.<br \/>\nV roce 1972 bylo rozhodnuto o zakoupen\u00ed 10 stejnokroj\u016f pro slavnostn\u00ed p\u0159\u00edle\u017eitosti. Ka\u017edoro\u010dn\u011b byly po\u0159\u00e1d\u00e1ny dny otev\u0159en\u00fdch dve\u0159\u00ed. kdy m\u011bli ob\u010dan\u00e9 mo\u017enost nahl\u00e9dnout i do hasi\u010dsk\u00e9 zbrojnice a prohl\u00e9dnout si ve\u0161ker\u00e9 vybaven\u00ed. V roce 1972 byl sta\u0159e\u010dsk\u00fd sbor hodnocen v r\u00e1mci okresu velmi kladn\u011b a z\u00edskal 1.m\u00edsto. V roce 1973 se p\u0159ihl\u00e1silo dru\u017estvo do Mezin\u00e1rodn\u00ed sout\u011b\u017ee po\u017e\u00e1rn\u00edk\u016f a z\u00edskalo diplom. V roce 1973 tvo\u0159ilo sbor 71 \u010dlen\u016f, z toho 8 \u017een. Dorostenc\u016f bylo 12, p\u0159ihl\u00e1\u0161en\u00fdch \u017e\u00e1k\u016f 14. Mlad\u00ed po\u017e\u00e1rn\u00edci se pravideln\u011b n\u011bkolik rok\u016f z\u00fa\u010dast\u0148ovali sout\u011b\u017en\u00ed hry Plamen.<br \/>\n&nbsp;&nbsp;Ve dnech 1. a 2.\u010dervna 1974 prob\u011bhly oslavy 70 let zalo\u017een\u00ed Hasi\u010dsk\u00e9ho spolku ve Star\u010di za \u00fa\u010dasti asi 700 n\u00e1v\u0161t\u011bvn\u00edk\u016f, kte\u0159\u00ed si prohl\u00e9dli hasi\u010dskou zbrojnici, ve\u0161ker\u00e9 vybaven\u00ed a byli sv\u011bdky uk\u00e1zkov\u00e9ho po\u017e\u00e1rn\u00edho cvi\u010den\u00ed. P\u0159i t\u00e9to p\u0159\u00edle\u017eitosti byly zakoupeny nov\u00e9 uniformy. V roce 1981 bylo star\u00e9 hasi\u010dsk\u00e9 auto nahrazeno nov\u00fdm. V tomto roce tvo\u0159ilo organizaci 81 \u010dlen\u016f, z toho 7 \u017een.<br \/>\n&nbsp;&nbsp;\u010clenov\u00e9 nepom\u00e1hali pouze p\u0159i likvidaci po\u017e\u00e1r\u016f v okol\u00ed. V roce 1985 v \u00fanoru p\u0159i prudk\u00e9m t\u00e1n\u00ed sn\u011bhu do\u0161lo k v\u00e1\u017en\u00e9mu zv\u00fd\u0161en\u00ed hladiny potoka a kry v\u00e1\u017en\u011b ohro\u017eovaly okoln\u00ed domy. Bylo t\u0159eba odstranit v\u0161echny l\u00e1vky p\u0159es potok a uvolnit kry. Dal\u0161\u00ed povode\u0148 ohrozila obyvatele obce je\u0161t\u011b t\u00e9ho\u017e roku v kv\u011btnu v obdob\u00ed velk\u00fdch de\u0161t\u016f. Hasi\u010di pom\u00e1hali p\u0159i evakuaci obyvatel bydl\u00edc\u00edch v bl\u00edzkosti potoka, od\u010derp\u00e1vali vodu ze zatopen\u00fdch dom\u016f, sklep\u016f, vyv\u00e1d\u011bli do bezpe\u010d\u00ed dom\u00e1c\u00ed zv\u00ed\u0159ectvo. Byly ustaveny i no\u010dn\u00ed hl\u00eddky, proto\u017ee hrozilo protr\u017een\u00ed hr\u00e1ze Pastvi\u0161n\u00edho rybn\u00edka. Ob\u011btavost \u010dlen\u016f hasi\u010dsk\u00e9ho spolku byla velik\u00e1. Presti\u017e sboru a z\u00e1jem o jejich pr\u00e1ci stoup\u00e1, co\u017e je vid\u011bt zejm\u00e9na na stoupaj\u00edc\u00edm po\u010dtu \u010dlensk\u00e9 z\u00e1kladny. V roce 1987 m\u00e1 sbor 98 \u010dlen\u016f, z toho 19 \u017een.<br \/>\n&nbsp;&nbsp;Sbor dobrovoln\u00fdch hasi\u010d\u016f ve Star\u010di je jedn\u00edm z m\u00e1la spolk\u016f, kter\u00fd v obci od po\u010d\u00e1tku sv\u00e9ho zalo\u017een\u00ed a\u017e do sou\u010dasnosti nikdy nep\u0159eru\u0161il svoji \u010dinnost, v\u017edy pat\u0159il mezi nejaktivn\u011bj\u0161\u00ed spolky. P\u0159\u00edkladn\u00e1 je jejich dlouholet\u00e1 p\u00e9\u010de o nejmlad\u0161\u00ed generaci. O tom sv\u011bd\u010d\u00ed i v\u00fdborn\u00e1 um\u00edst\u011bn\u00ed na sout\u011b\u017e\u00edch hasi\u010d\u016f nejen v r\u00e1mci okresu.<\/p>\n","protected":false},"excerpt":{"rendered":"<p>&nbsp;&nbsp;Podle doklad\u016f zachovan\u00fdch v okresn\u00edm arch\u00edvu dne 6. 11. 1904 oznamuje na z\u00e1klad\u011b stanov schv\u00e1len\u00fdch valnou hromadou Spolek dobrovoln\u00fdch hasi\u010d\u016f ve Star\u010di p\u0159ihl\u00e1\u0161en\u00ed se za \u010dlena \u00dast\u0159edn\u00ed hasi\u010dsk\u00e9 jednoty Markrabstv\u00ed Moravsk\u00e9ho (obecn\u00ed rada schv\u00e1lila stanovy 11. z\u00e1\u0159\u00ed 1904). zakl\u00e1daj\u00edc\u00edch \u010dlen\u016f bylo 28 \u0159\u00e1dn\u00fdch a 8 mimo\u0159\u00e1dn\u00fdch , tedy \u00fahrnem 36 \u010dlen\u016f. &nbsp;&nbsp;Sbor hasi\u010d\u016f byl pro [&hellip;]<\/p>\n","protected":false},"author":1,"featured_media":0,"parent":0,"menu_order":0,"comment_status":"open","ping_status":"open","template":"","meta":{"footnotes":""},"class_list":["post-9","page","type-page","status-publish","hentry"],"jetpack_sharing_enabled":true,"_links":{"self":[{"href":"https:\/\/sdhstarec.cz\/index.php?rest_route=\/wp\/v2\/pages\/9","targetHints":{"allow":["GET"]}}],"collection":[{"href":"https:\/\/sdhstarec.cz\/index.php?rest_route=\/wp\/v2\/pages"}],"about":[{"href":"https:\/\/sdhstarec.cz\/index.php?rest_route=\/wp\/v2\/types\/page"}],"author":[{"embeddable":true,"href":"https:\/\/sdhstarec.cz\/index.php?rest_route=\/wp\/v2\/users\/1"}],"replies":[{"embeddable":true,"href":"https:\/\/sdhstarec.cz\/index.php?rest_route=%2Fwp%2Fv2%2Fcomments&post=9"}],"version-history":[{"count":4,"href":"https:\/\/sdhstarec.cz\/index.php?rest_route=\/wp\/v2\/pages\/9\/revisions"}],"predecessor-version":[{"id":56,"href":"https:\/\/sdhstarec.cz\/index.php?rest_route=\/wp\/v2\/pages\/9\/revisions\/56"}],"wp:attachment":[{"href":"https:\/\/sdhstarec.cz\/index.php?rest_route=%2Fwp%2Fv2%2Fmedia&parent=9"}],"curies":[{"name":"wp","href":"https:\/\/api.w.org\/{rel}","templated":true}]}}