         {"id":7,"date":"2014-08-05T18:53:58","date_gmt":"2014-08-05T17:53:58","guid":{"rendered":"http:\/\/sdhstarec.cz\/?page_id=7"},"modified":"2015-06-16T05:48:32","modified_gmt":"2015-06-16T04:48:32","slug":"zasahova-jednotka","status":"publish","type":"page","link":"https:\/\/sdhstarec.cz\/?page_id=7","title":{"rendered":"Z\u00e1sahov\u00e1 jednotka"},"content":{"rendered":"<p>Jednotka sboru dobrovoln\u00fdch hasi\u010d\u016f\u00a0obce\u00a0\u00a0byla z\u0159\u00edzena jako organiza\u010dn\u00ed slo\u017eka\u00a0M\u011bstyse Sta\u0159e\u010d.<br \/>\nJe\u00a0za\u0159azena do kategorie JPO III., co\u017e ji p\u0159edur\u010duje k z\u00e1sah\u016fm na katastru m\u011bstyse i v okoln\u00edch katastrech, dle platn\u00e9ho Po\u017e\u00e1rn\u00edho poplachov\u00e9ho pl\u00e1nu kraje Vyso\u010dina. Dle z\u00e1kona je jednotka povinna vyjet k\u00a0ud\u00e1losti do 10 minut od nahl\u00e1\u0161en\u00ed ud\u00e1losti v kteroukoli denn\u00ed i no\u010dn\u00ed dobu.<br \/>\nJednotka je slo\u017eena z 26 \u010dlen\u016f.<\/p>\n<h4>Jednotka je d\u00e1le p\u0159edur\u010dena:<\/h4>\n<ul>\n<li>ke stav\u011bn\u00ed protipovod\u0148ov\u00fdch hr\u00e1z\u00ed<\/li>\n<li>ke stav\u011bn\u00ed a obsluze dekontamina\u010dn\u00edho stanu<\/li>\n<li>k pln\u011bn\u00ed letadla po\u017e\u00e1rn\u00ed vodou<\/li>\n<li>pomoc p\u0159i dopravn\u00edch nehod\u00e1ch<\/li>\n<\/ul>\n<h3>\u010dlenov\u00e9 jednotky:<\/h3>\n<table>\n<tbody>\n<tr>\n<td><b>Linhart \u010cestm\u00edr<\/b><\/td>\n<td>velitel jednotky, strojn\u00edk<\/td>\n<\/tr>\n<tr>\n<td><b>Dole\u017eal Pavel<\/b><\/td>\n<td>z\u00e1stupce velitele jednotky, strojn\u00edk<\/td>\n<\/tr>\n<tr>\n<td><b>Pokorn\u00fd Ji\u0159\u00ed<\/b><\/td>\n<td>velitel dru\u017estva, technik<\/td>\n<\/tr>\n<tr>\n<td>Bart\u00edk Ji\u0159\u00ed<\/td>\n<td>hasi\u010d<\/td>\n<\/tr>\n<tr>\n<td>Bla\u017eek Karel<\/td>\n<td>hasi\u010d, strojn\u00edk<\/td>\n<\/tr>\n<tr>\n<td>Cieslar Tom\u00e1\u0161<\/td>\n<td>hasi\u010d<\/td>\n<\/tr>\n<tr>\n<td>Caha Pavel<\/td>\n<td>hasi\u010d, obsluha motorov\u00e9 pily<\/td>\n<\/tr>\n<tr>\n<td>Dobe\u0161 Bohumil<\/td>\n<td>hasi\u010d, strojn\u00edk<\/td>\n<\/tr>\n<tr>\n<td>Dobe\u0161 Jakub<\/td>\n<td>hasi\u010d, strojn\u00edk<\/td>\n<\/tr>\n<tr>\n<td>Dobe\u0161 Jaroslav<\/td>\n<td>hasi\u010d<\/td>\n<\/tr>\n<tr>\n<td>Dobe\u0161 Ond\u0159ej<\/td>\n<td>hasi\u010d, obsluha motorov\u00e9 pily<\/td>\n<\/tr>\n<tr>\n<td>Dole\u017eal Petr<\/td>\n<td>hasi\u010d<\/td>\n<\/tr>\n<tr>\n<td>Fran\u011bk Zden\u011bk<\/td>\n<td>hasi\u010d, technik<\/td>\n<\/tr>\n<tr>\n<td>Kafka Libor<\/td>\n<td>hasi\u010d, obsluha motorov\u00e9 pily<\/td>\n<\/tr>\n<tr>\n<td>Linhart David<\/td>\n<td>hasi\u010d<\/td>\n<\/tr>\n<tr>\n<td>Linhart Stanislav<\/td>\n<td>hasi\u010d, strojn\u00edk<\/td>\n<\/tr>\n<tr>\n<td>Melkus Vladim\u00edr<\/td>\n<td>hasi\u010d, technik<\/td>\n<\/tr>\n<tr>\n<td>Neuman Zbyn\u011bk<\/td>\n<td>hasi\u010d<\/td>\n<\/tr>\n<tr>\n<td>Nov\u00e1\u010dek Petr<\/td>\n<td>hasi\u010d, strojn\u00edk<\/td>\n<\/tr>\n<tr>\n<td>Pisk Jakub<\/td>\n<td>hasi\u010d, strojn\u00edk<\/td>\n<\/tr>\n<tr>\n<td>Pisk Pavel<\/td>\n<td>hasi\u010d<\/td>\n<\/tr>\n<tr>\n<td>Pokorn\u00fd Marek<\/td>\n<td>hasi\u010d, strojn\u00edk<\/td>\n<\/tr>\n<tr>\n<td>Tomek Karel<\/td>\n<td>hasi\u010d, strojn\u00edk<\/td>\n<\/tr>\n<tr>\n<td>Urban Pavel<\/td>\n<td>hasi\u010d, strojn\u00edk, obsluha motorov\u00e9 pily<\/td>\n<\/tr>\n<tr>\n<td>Vrtal Jarom\u00edr<\/td>\n<td>hasi\u010d, strojn\u00edk<\/td>\n<\/tr>\n<tr>\n<td>Vysko\u010dil Martin<\/td>\n<td>hasi\u010d<\/td>\n<\/tr>\n<\/tbody>\n<\/table>\n<h2><a href=\"http:\/\/sdhstarec.cz\/?page_id=230\">V\u00fdjezdy<\/a><\/h2 \n\n","protected":false},"excerpt":{"rendered":"<p>Jednotka sboru dobrovoln\u00fdch hasi\u010d\u016f\u00a0obce\u00a0\u00a0byla z\u0159\u00edzena jako organiza\u010dn\u00ed slo\u017eka\u00a0M\u011bstyse Sta\u0159e\u010d. Je\u00a0za\u0159azena do kategorie JPO III., co\u017e ji p\u0159edur\u010duje k z\u00e1sah\u016fm na katastru m\u011bstyse i v okoln\u00edch katastrech, dle platn\u00e9ho Po\u017e\u00e1rn\u00edho poplachov\u00e9ho pl\u00e1nu kraje Vyso\u010dina. Dle z\u00e1kona je jednotka povinna vyjet k\u00a0ud\u00e1losti do 10 minut od nahl\u00e1\u0161en\u00ed ud\u00e1losti v kteroukoli denn\u00ed i no\u010dn\u00ed dobu. Jednotka je slo\u017eena [&hellip;]<\/p>\n","protected":false},"author":1,"featured_media":0,"parent":0,"menu_order":0,"comment_status":"closed","ping_status":"closed","template":"","meta":{"footnotes":""},"class_list":["post-7","page","type-page","status-publish","hentry"],"jetpack_sharing_enabled":true,"_links":{"self":[{"href":"https:\/\/sdhstarec.cz\/index.php?rest_route=\/wp\/v2\/pages\/7","targetHints":{"allow":["GET"]}}],"collection":[{"href":"https:\/\/sdhstarec.cz\/index.php?rest_route=\/wp\/v2\/pages"}],"about":[{"href":"https:\/\/sdhstarec.cz\/index.php?rest_route=\/wp\/v2\/types\/page"}],"author":[{"embeddable":true,"href":"https:\/\/sdhstarec.cz\/index.php?rest_route=\/wp\/v2\/users\/1"}],"replies":[{"embeddable":true,"href":"https:\/\/sdhstarec.cz\/index.php?rest_route=%2Fwp%2Fv2%2Fcomments&post=7"}],"version-history":[{"count":5,"href":"https:\/\/sdhstarec.cz\/index.php?rest_route=\/wp\/v2\/pages\/7\/revisions"}],"predecessor-version":[{"id":341,"href":"https:\/\/sdhstarec.cz\/index.php?rest_route=\/wp\/v2\/pages\/7\/revisions\/341"}],"wp:attachment":[{"href":"https:\/\/sdhstarec.cz\/index.php?rest_route=%2Fwp%2Fv2%2Fmedia&parent=7"}],"curies":[{"name":"wp","href":"https:\/\/api.w.org\/{rel}","templated":true}]}}