         {"id":46,"date":"2014-08-11T16:38:48","date_gmt":"2014-08-11T15:38:48","guid":{"rendered":"http:\/\/sdhstarec.cz\/?page_id=46"},"modified":"2016-10-29T13:30:53","modified_gmt":"2016-10-29T12:30:53","slug":"zaci","status":"publish","type":"page","link":"https:\/\/sdhstarec.cz\/?page_id=46","title":{"rendered":"\u017d\u00e1ci"},"content":{"rendered":"<h1>\u017d\u00c1CI<\/h1>\n<h2>2016<\/h2>\n<h2>Slo\u017een\u00ed dru\u017estva<\/h2>\n<h3>Star\u0161\u00ed \u017e\u00e1ci A<\/h3>\n<ul>\n<li>Nestrojilov\u00e1 Pavl\u00edna &#8211; ko\u0161<\/li>\n<li>Zelni\u010dkova Helena &#8211; nab\u00edr\u00e1n\u00ed<\/li>\n<li>Smilkov\u00e1 Pavl\u00edna &#8211; savice<\/li>\n<li>Pokorn\u00fd Michal &#8211; strojn\u00edk<\/li>\n<li>Simandl Adam &#8211; rozd\u011blova\u010d<\/li>\n<li>Mach\u00e1\u010dek Patrik &#8211; lev\u00fd proud<\/li>\n<li>Matou\u0161kov\u00e1 Eli\u0161ka &#8211; prav\u00fd proud<\/li>\n<\/ul>\n<h3>Star\u0161\u00ed \u017e\u00e1ci B<\/h3>\n<ul>\n<li>Kafka Ond\u0159ej &#8211; ko\u0161<\/li>\n<li>Zelni\u010dek Franta &#8211; nab\u00edr\u00e1n\u00ed<\/li>\n<li>Smilkov\u00e1 Pavl\u00edna &#8211; savice<\/li>\n<li>Bart\u00edk Vojt\u011bch &#8211; strojn\u00edk<\/li>\n<li>Mach\u00e1\u010dek Patrik &#8211; rozd\u011blova\u010d<\/li>\n<li>Pr\u00e1\u0161ek Jan &#8211; lev\u00fd proud<\/li>\n<li>Vesel\u00e1 Eva &#8211; prav\u00fd proud<\/li>\n<\/ul>\n<p>&nbsp;<\/p>\n<h3>Hra PLAMEN 2016 &#8211; Kojetice<\/h3>\n<p>[Best_Wordpress_Gallery id=&#8220;52&#8243; gal_title=&#8220;Plamen_2016&#8243;]<br \/>\n<a href=\"https:\/\/sdhstarec.cz\/wp-content\/uploads\/2016\/10\/PU-CTIF-Kojetice-2016.pdf\">pu-ctif-kojetice-2016<\/a><br \/>\n<a href=\"https:\/\/sdhstarec.cz\/wp-content\/uploads\/2016\/10\/ZPV-MH-Kojetice-2016.pdf\">zpv-mh-kojetice-2016<\/a><\/p>\n<h3>Rozpis sout\u011b\u017e\u00ed<\/h3>\n<p>07. 5. 2016 MORAVSK\u00c9 BUD\u011aJOVICE &#8211; 4. m\u00edsto, 8 bod\u016f<br \/>\n14. 5. 2016 \u010cASTOHOSTICE &#8211; Nespln\u011bno, 0 bod\u016f<br \/>\n15. 5. 2016 VLADISLAV &#8211; 3. m\u00edsto, 12 bod\u016f<br \/>\n21. 5. 2016 DOMAMIL &#8211;<br \/>\n28. 5. 2016 OKRESN\u00cd KOLO HRY PLAMEN<br \/>\n04. 6. 2016 P\u0158IBYSLAVICE &#8211;<br \/>\n11. 6. 2016 KOJETICE &#8211; 0 bod\u016f<br \/>\n12. 6. 2016 JAROM\u011a\u0158ICE &#8211; 1 bod<br \/>\n25. 6. 2016 HERALTICE &#8211; 10 bod\u016f<br \/>\n26. 6. 2016 MARKVARTICE &#8211; 12 bod\u016f<br \/>\n03. 9. 2016 BUD\u00cdKOVICE<br \/>\n04. 9. 2016 KN\u011a\u017dICE<br \/>\n10. 9. 2016 HROTOVICE<br \/>\n11. 9. 2016 STA\u0158E\u010c<br \/>\n17. 9. 2016 RUD\u00cdKOV<br \/>\n18. 9. 2016 V\u00dd\u010cAPY<\/p>\n<h3>OLMH Sta\u0159e\u010d &#8211; 1. m\u00edsto<\/h3>\n<p>[Best_Wordpress_Gallery id=&#8220;49&#8243; gal_title=&#8220;olmh_2016&#8243;]<\/p>\n<h3>No\u010dn\u00ed sout\u011b\u017e Nevcehle &#8211; 2. m\u00edsto<\/h3>\n<p>[Best_Wordpress_Gallery id=&#8220;41&#8243; gal_title=&#8220;MH_2016_Nevcehle&#8220;]<\/p>\n<h2>2015<\/h2>\n<p><a href=\"http:\/\/sdhstarec.cz\/wp-content\/uploads\/2014\/12\/mladsi_starsi_2014.jpg\"><img loading=\"lazy\" decoding=\"async\" class=\"alignnone size-medium wp-image-148\" src=\"http:\/\/sdhstarec.cz\/wp-content\/uploads\/2014\/12\/mladsi_starsi_2014_300_200.jpg\" alt=\"zaci\" width=\"300\" height=\"200\" \/><\/a><\/p>\n<h1>Mlad\u0161\u00ed \u017e\u00e1ci<\/h1>\n<h2>Slo\u017een\u00ed dru\u017estva<\/h2>\n<p>Veronika Vysko\u010dilov\u00e1<\/p>\n<p>Ad\u00e9la Neumannov\u00e1<\/p>\n<p>Patrik Mach\u00e1\u010dek<\/p>\n<p>Franti\u0161ek Zeln\u00ed\u010dek<\/p>\n<p>Monika Po\u017e\u00e1rov\u00e1<\/p>\n<p>Ond\u0159ej Kafka<\/p>\n<p>Vojt\u011bch Bart\u00edk<br \/>\n<a href=\"http:\/\/sdhstarec.cz\/wp-content\/uploads\/2014\/12\/mladsi_2014.jpg\"><img loading=\"lazy\" decoding=\"async\" class=\"alignnone size-medium wp-image-149\" src=\"http:\/\/sdhstarec.cz\/wp-content\/uploads\/2014\/12\/mladsi_2014_300_200.jpg\" alt=\"Mladsi\" width=\"300\" height=\"200\" \/><\/a><\/p>\n<p>Na fotce:<\/p>\n<p>Horn\u00ed \u0159ada zleva: Ond\u0159ej Kafka,Patrik Mach\u00e1\u010dek,Vojt\u011bch Bart\u00edk<br \/>\nDoln\u00ed \u0159ada zleva: Veronika Vysko\u010dilov\u00e1, Franta Zeln\u00ed\u010dek, Monika Po\u017e\u00e1rov\u00e1, Ad\u00e9la Neumannov\u00e1<\/p>\n<h1>Star\u0161\u00ed \u017e\u00e1ci<\/h1>\n<h2>Slo\u017een\u00ed dru\u017estva<\/h2>\n<p>Eli\u0161ka Trojanov\u00e1<\/p>\n<p>Eli\u0161ka Matou\u0161kov\u00e1<\/p>\n<p>Adam Simandl<\/p>\n<p>Pavl\u00edna Smilkov\u00e1<\/p>\n<p>Pavl\u00edna Nestrojilov\u00e1<\/p>\n<p>Helena Zeln\u00ed\u010dkov\u00e1<\/p>\n<p>Michal Pokorn\u00fd<br \/>\n<a href=\"http:\/\/sdhstarec.cz\/wp-content\/uploads\/2014\/12\/starsi_2014.jpg\"><img loading=\"lazy\" decoding=\"async\" class=\"alignnone size-medium wp-image-148\" src=\"http:\/\/sdhstarec.cz\/wp-content\/uploads\/2014\/12\/starsi_2014_300_200.jpg\" alt=\"starsi\" width=\"300\" height=\"200\" \/><\/a><\/p>\n<p>Na fotce:<\/p>\n<p>Horn\u00ed \u0159ada zleva: Adam Simandl, Pavla Nestrojilov\u00e1, Michal Pokorn\u00fd<br \/>\nDoln\u00ed \u0159ada zleva: Eli\u0161ka Trojanov\u00e1, Helena Zeln\u00ed\u010dkov\u00e1, Pavla Smilkov\u00e1, Eli\u0161ka Matou\u0161kov\u00e1<\/p>\n<p>V leto\u0161n\u00edm roce sout\u011b\u017eila v po\u017e\u00e1rn\u00edm \u00fatoku na\u0161e dv\u011b ml\u00e1de\u017enick\u00e1 dru\u017estva ve star\u0161\u00ed kategoii Okresn\u00ed ligy mlad\u00fdch hasi\u010d\u016f (OLMH).<br \/>\nOkresn\u00ed liga mlad\u00fdch hasi\u010d\u016f se skl\u00e1d\u00e1 ze 14 sout\u011b\u017e\u00ed, na\u0161e dru\u017estva pod veden\u00edm Libora Kafky a Jirky Bart\u00edka se z\u00fa\u010dastnila v\u0161ech sout\u011b\u017e\u00ed. Dru\u017estvo \u201eA\u201c, kter\u00e9 je v\u011bkem star\u0161\u00ed ne\u017e dru\u017estvo \u201eB\u201c se v kone\u010dn\u00e9 tabulce um\u00edstilo na p\u011bkn\u00e9m 4.m\u00edst\u011b se ziskem 83 bod\u016f. Sout\u011b\u017ee v Hrotovic\u00edch a ve V\u00fd\u010dapech se jim poda\u0159ilo vyhr\u00e1t, v Kojetic\u00edch byli na 3. m\u00edst\u011b, ale nej\u010dast\u011bji na\u0161e dru\u017estvo skon\u010dilo na 4.m\u00edst\u011b a to hned p\u011btkr\u00e1t.<br \/>\nDru\u017estvu \u201eB\u201c se prvn\u00ed rok ve star\u0161\u00ed kategorii moc nevyda\u0159il, v kone\u010dn\u00e9 tabulce obsadilo toto dru\u017estvo a\u017e 15.m\u00edsto se ziskem 29 bod\u016f, ale to nevad\u00ed \u2013 p\u0159es zimu potr\u00e9nuj\u00ed a p\u0159\u00ed\u0161t\u00ed rok bude ur\u010dit\u011b v\u00fdsledkov\u011b lep\u0161\u00ed.<\/p>\n","protected":false},"excerpt":{"rendered":"<p>\u017d\u00c1CI 2016 Slo\u017een\u00ed dru\u017estva Star\u0161\u00ed \u017e\u00e1ci A Nestrojilov\u00e1 Pavl\u00edna &#8211; ko\u0161 Zelni\u010dkova Helena &#8211; nab\u00edr\u00e1n\u00ed Smilkov\u00e1 Pavl\u00edna &#8211; savice Pokorn\u00fd Michal &#8211; strojn\u00edk Simandl Adam &#8211; rozd\u011blova\u010d Mach\u00e1\u010dek Patrik &#8211; lev\u00fd proud Matou\u0161kov\u00e1 Eli\u0161ka &#8211; prav\u00fd proud Star\u0161\u00ed \u017e\u00e1ci B Kafka Ond\u0159ej &#8211; ko\u0161 Zelni\u010dek Franta &#8211; nab\u00edr\u00e1n\u00ed Smilkov\u00e1 Pavl\u00edna &#8211; savice Bart\u00edk Vojt\u011bch &#8211; [&hellip;]<\/p>\n","protected":false},"author":1,"featured_media":0,"parent":0,"menu_order":0,"comment_status":"open","ping_status":"open","template":"","meta":{"footnotes":""},"class_list":["post-46","page","type-page","status-publish","hentry"],"jetpack_sharing_enabled":true,"_links":{"self":[{"href":"https:\/\/sdhstarec.cz\/index.php?rest_route=\/wp\/v2\/pages\/46","targetHints":{"allow":["GET"]}}],"collection":[{"href":"https:\/\/sdhstarec.cz\/index.php?rest_route=\/wp\/v2\/pages"}],"about":[{"href":"https:\/\/sdhstarec.cz\/index.php?rest_route=\/wp\/v2\/types\/page"}],"author":[{"embeddable":true,"href":"https:\/\/sdhstarec.cz\/index.php?rest_route=\/wp\/v2\/users\/1"}],"replies":[{"embeddable":true,"href":"https:\/\/sdhstarec.cz\/index.php?rest_route=%2Fwp%2Fv2%2Fcomments&post=46"}],"version-history":[{"count":10,"href":"https:\/\/sdhstarec.cz\/index.php?rest_route=\/wp\/v2\/pages\/46\/revisions"}],"predecessor-version":[{"id":715,"href":"https:\/\/sdhstarec.cz\/index.php?rest_route=\/wp\/v2\/pages\/46\/revisions\/715"}],"wp:attachment":[{"href":"https:\/\/sdhstarec.cz\/index.php?rest_route=%2Fwp%2Fv2%2Fmedia&parent=46"}],"curies":[{"name":"wp","href":"https:\/\/api.w.org\/{rel}","templated":true}]}}