         {"id":44,"date":"2014-08-11T16:38:33","date_gmt":"2014-08-11T15:38:33","guid":{"rendered":"http:\/\/sdhstarec.cz\/?page_id=44"},"modified":"2018-05-07T11:18:49","modified_gmt":"2018-05-07T10:18:49","slug":"zeny","status":"publish","type":"page","link":"https:\/\/sdhstarec.cz\/?page_id=44","title":{"rendered":"\u017deny"},"content":{"rendered":"<p>[Best_Wordpress_Gallery id=&#8220;48&#8243; gal_title=&#8220;Holky_Starec_2016&#8243;]<\/p>\n<h1>Slo\u017een\u00ed dru\u017estva<\/h1>\n<ul>\n<li>Ko\u0161 \u2013 Kate\u0159ina Mi\u010dkov\u00e1<\/li>\n<li>savice \u2013 Petra Hobzov\u00e1<\/li>\n<li>strojnice \u2013 Vendula L\u00edbalov\u00e1<\/li>\n<li>b\u00e9\u010dka \u2013 Lucie Fra\u0148kov\u00e1<\/li>\n<li>rozd\u011blova\u010d \u2013 Sabina Ma\u0161tal\u00ed\u0159ov\u00e1<\/li>\n<li>prav\u00fd proud &#8211; Eli\u0161ka Trojanov\u00e1<\/li>\n<li>lev\u00fd proud &#8211; Nikola Kl\u00e1rov\u00e1<\/li>\n<\/ul>\n<h1>Rok 2018<\/h1>\n<p>Okrskov\u00e1 sout\u011b\u017e 6.5.2018 Sta\u0159e\u010d<\/p>\n<p><iframe loading=\"lazy\" title=\"0:28 Okrsek Sta\u0159e\u010d 6.5.2018 \u017eeny po\u017e\u00e1rn\u00ed \u00fatok\" width=\"500\" height=\"281\" src=\"https:\/\/www.youtube.com\/embed\/6pq8p5JXO8E?feature=oembed\" frameborder=\"0\" allow=\"accelerometer; autoplay; clipboard-write; encrypted-media; gyroscope; picture-in-picture; web-share\" referrerpolicy=\"strict-origin-when-cross-origin\" allowfullscreen><\/iframe><\/p>\n<h1>Rok 2016<\/h1>\n<h3>Rozpis sout\u011b\u017e\u00ed<\/h3>\n<p>08. 5. 2016 Myslibo\u0159ice &#8211; 6.m\u00edsto<br \/>\n05. 6. 2016 V\u00fd\u010dapy<br \/>\n25. 6. 2016 Kn\u011b\u017eice<br \/>\n10. 7. 2016 Chlum<br \/>\n16. 7. 2016 Kamenn\u00e1<br \/>\n31. 7. 2016 Litovany<br \/>\n07. 8. 2016 Radon\u00edn<br \/>\n13. 8. 2016 Hrotovice<br \/>\n20. 8. 2016 Ba\u010dice-Ude\u0159ice<br \/>\n21. 8. 2016 Sta\u0159e\u010d<br \/>\n10. 9. 2016 Petrovice<br \/>\n17. 9. 2016 Mlado\u0148ovice<\/p>\n<h2>Fotky a videa<\/h2>\n<h3>Myslibo\u0159ice<\/h3>\n<p>[Best_Wordpress_Gallery id=&#8220;50&#8243; gal_title=&#8220;Zeny_Mysliborice_2016&#8243;]<\/p>\n<h3>V\u00fd\u010dapy<\/h3>\n<p>[Best_Wordpress_Gallery id=&#8220;51&#8243; gal_title=&#8220;Zeny_Vycapy_2016&#8243;]<\/p>\n<h3>Sta\u0159e\u010d video<\/h3>\n<p>od \u010dasu 5:30<br \/>\n[Best_Wordpress_Gallery id=&#8220;47&#8243; gal_title=&#8220;Starec_2016_video&#8220;]<\/p>\n<p>Fotky najdete na <a href=\"http:\/\/sabik384.rajce.idnes.cz\/\" target=\"_blank\">raj\u010deti<\/a><\/p>\n<h1>Rok 2015<\/h1>\n<p><a href=\"http:\/\/sdhstarec.cz\/wp-content\/uploads\/2015\/08\/zeny_2015.jpg\"><img loading=\"lazy\" decoding=\"async\" class=\"alignnone size-medium wp-image-440\" src=\"http:\/\/sdhstarec.cz\/wp-content\/uploads\/2015\/08\/zeny_2015-300x284.jpg\" alt=\"zeny_2015\" width=\"300\" height=\"284\" srcset=\"https:\/\/sdhstarec.cz\/wp-content\/uploads\/2015\/08\/zeny_2015-300x284.jpg 300w, https:\/\/sdhstarec.cz\/wp-content\/uploads\/2015\/08\/zeny_2015-150x142.jpg 150w, https:\/\/sdhstarec.cz\/wp-content\/uploads\/2015\/08\/zeny_2015-1024x970.jpg 1024w, https:\/\/sdhstarec.cz\/wp-content\/uploads\/2015\/08\/zeny_2015.jpg 1944w\" sizes=\"auto, (max-width: 300px) 100vw, 300px\" \/><\/a><\/p>\n<h1>Slo\u017een\u00ed dru\u017estva<\/h1>\n<ul>\n<li>Ko\u0161 \u2013 Kate\u0159ina Mi\u010dkov\u00e1<\/li>\n<li>savice \u2013 Petra Hobzov\u00e1<\/li>\n<li>strojn\u00edk \u2013 Vendula L\u00edbalov\u00e1<\/li>\n<li>b\u00e9\u010dka \u2013 Lucie Fra\u0148kov\u00e1<\/li>\n<li>rozd\u011blova\u010d \u2013 Sabina Ma\u0161tal\u00ed\u0159ov\u00e1<\/li>\n<\/ul>\n<h2>Sta\u0159e\u010d<\/h2>\n<p>[Best_Wordpress_Gallery id=&#8220;23&#8243; gal_title=&#8220;Starec_2015_zeny&#8220;]<\/p>\n<h2>Kojat\u00edn<\/h2>\n<div style=\"width: 640px;\" class=\"wp-video\"><!--[if lt IE 9]><script>document.createElement('video');<\/script><![endif]-->\n<video class=\"wp-video-shortcode\" id=\"video-44-1\" width=\"640\" height=\"480\" preload=\"metadata\" controls=\"controls\"><source type=\"video\/mp4\" src=\"http:\/\/sdhstarec.cz\/wp-content\/uploads\/2015\/08\/Kojatin_zeny_9_misto.mp4?_=1\" \/><a href=\"http:\/\/sdhstarec.cz\/wp-content\/uploads\/2015\/08\/Kojatin_zeny_9_misto.mp4\">http:\/\/sdhstarec.cz\/wp-content\/uploads\/2015\/08\/Kojatin_zeny_9_misto.mp4<\/a><\/video><\/div>\n<h2>Hrotovice<\/h2>\n<h2>[Best_Wordpress_Gallery id=&#8220;18&#8243; gal_title=&#8220;Hrotovice 2015 zeny&#8220;]<\/h2>\n<h2>Radon\u00edn<\/h2>\n<p>[Best_Wordpress_Gallery id=&#8220;19&#8243; gal_title=&#8220;Radonin_2015 zeny&#8220;]<\/p>\n<h2>Opone\u0161ice<\/h2>\n<p>[Best_Wordpress_Gallery id=&#8220;6&#8243; gal_title=&#8220;Opone\u0161ice 2015 \u017eeny&#8220;]<\/p>\n<h2>Kn\u011b\u017eice<\/h2>\n<p>[Best_Wordpress_Gallery id=&#8220;12&#8243; gal_title=&#8220;Kn\u011b\u017eice \u017eeny 2015&#8243;]<\/p>\n<h2>Kamenn\u00e1<\/h2>\n<p>[Best_Wordpress_Gallery id=&#8220;15&#8243; gal_title=&#8220;Kamenn\u00e1 \u017eeny 2015&#8243;]<\/p>\n","protected":false},"excerpt":{"rendered":"<p>[Best_Wordpress_Gallery id=&#8220;48&#8243; gal_title=&#8220;Holky_Starec_2016&#8243;] Slo\u017een\u00ed dru\u017estva Ko\u0161 \u2013 Kate\u0159ina Mi\u010dkov\u00e1 savice \u2013 Petra Hobzov\u00e1 strojnice \u2013 Vendula L\u00edbalov\u00e1 b\u00e9\u010dka \u2013 Lucie Fra\u0148kov\u00e1 rozd\u011blova\u010d \u2013 Sabina Ma\u0161tal\u00ed\u0159ov\u00e1 prav\u00fd proud &#8211; Eli\u0161ka Trojanov\u00e1 lev\u00fd proud &#8211; Nikola Kl\u00e1rov\u00e1 Rok 2018 Okrskov\u00e1 sout\u011b\u017e 6.5.2018 Sta\u0159e\u010d Rok 2016 Rozpis sout\u011b\u017e\u00ed 08. 5. 2016 Myslibo\u0159ice &#8211; 6.m\u00edsto 05. 6. 2016 V\u00fd\u010dapy [&hellip;]<\/p>\n","protected":false},"author":1,"featured_media":0,"parent":0,"menu_order":0,"comment_status":"open","ping_status":"open","template":"","meta":{"footnotes":""},"class_list":["post-44","page","type-page","status-publish","hentry"],"jetpack_sharing_enabled":true,"_links":{"self":[{"href":"https:\/\/sdhstarec.cz\/index.php?rest_route=\/wp\/v2\/pages\/44","targetHints":{"allow":["GET"]}}],"collection":[{"href":"https:\/\/sdhstarec.cz\/index.php?rest_route=\/wp\/v2\/pages"}],"about":[{"href":"https:\/\/sdhstarec.cz\/index.php?rest_route=\/wp\/v2\/types\/page"}],"author":[{"embeddable":true,"href":"https:\/\/sdhstarec.cz\/index.php?rest_route=\/wp\/v2\/users\/1"}],"replies":[{"embeddable":true,"href":"https:\/\/sdhstarec.cz\/index.php?rest_route=%2Fwp%2Fv2%2Fcomments&post=44"}],"version-history":[{"count":14,"href":"https:\/\/sdhstarec.cz\/index.php?rest_route=\/wp\/v2\/pages\/44\/revisions"}],"predecessor-version":[{"id":1026,"href":"https:\/\/sdhstarec.cz\/index.php?rest_route=\/wp\/v2\/pages\/44\/revisions\/1026"}],"wp:attachment":[{"href":"https:\/\/sdhstarec.cz\/index.php?rest_route=%2Fwp%2Fv2%2Fmedia&parent=44"}],"curies":[{"name":"wp","href":"https:\/\/api.w.org\/{rel}","templated":true}]}}