         {"id":40,"date":"2014-08-11T16:37:54","date_gmt":"2014-08-11T15:37:54","guid":{"rendered":"http:\/\/sdhstarec.cz\/?page_id=40"},"modified":"2018-08-28T19:12:38","modified_gmt":"2018-08-28T18:12:38","slug":"muzi-bez-omezeni","status":"publish","type":"page","link":"https:\/\/sdhstarec.cz\/?page_id=40","title":{"rendered":"Mu\u017ei bez omezen\u00ed"},"content":{"rendered":"<p><a href=\"https:\/\/sdhstarec.cz\/wp-content\/uploads\/2016\/07\/Muzi_2016.jpg\"><img loading=\"lazy\" decoding=\"async\" class=\"alignnone size-medium wp-image-636\" src=\"https:\/\/sdhstarec.cz\/wp-content\/uploads\/2016\/07\/Muzi_2016.jpg\" alt=\"muzi_2016\" width=\"400\" height=\"265\" srcset=\"https:\/\/sdhstarec.cz\/wp-content\/uploads\/2016\/07\/Muzi_2016.jpg 2000w, https:\/\/sdhstarec.cz\/wp-content\/uploads\/2016\/07\/Muzi_2016-150x99.jpg 150w, https:\/\/sdhstarec.cz\/wp-content\/uploads\/2016\/07\/Muzi_2016-300x199.jpg 300w, https:\/\/sdhstarec.cz\/wp-content\/uploads\/2016\/07\/Muzi_2016-768x509.jpg 768w, https:\/\/sdhstarec.cz\/wp-content\/uploads\/2016\/07\/Muzi_2016-1024x678.jpg 1024w\" sizes=\"auto, (max-width: 400px) 100vw, 400px\" \/><\/a><\/p>\n<h3>Slo\u017een\u00ed dru\u017estva<\/h3>\n<ul>\n<li>Ko\u0161 &#8211; Ondra Dobe\u0161<\/li>\n<li>Savice &#8211; Tonda Bartejs<\/li>\n<li>Strojn\u00edk &#8211; Vl\u00e1\u010fa Melkus<\/li>\n<li>B\u00e9\u010dka &#8211; Pavel Dole\u017eal<\/li>\n<li>Rozd\u011blova\u010d &#8211; Jakub Dobe\u0161<\/li>\n<li>Lev\u00fd proud &#8211; Petr Karbovn\u00edk<\/li>\n<li>Prav\u00fd proud &#8211; Marek Pokorn\u00fd<\/li>\n<\/ul>\n<h1>Rok 2018<\/h1>\n<p>TRL Sta\u0159e\u010d<br \/>\n<iframe loading=\"lazy\" title=\"T\u0159eb\u00ed\u010dsk\u00e1 okresn\u00ed liga Sta\u0159e\u010d - 26.08.2018\" width=\"500\" height=\"281\" src=\"https:\/\/www.youtube.com\/embed\/z0BLtn10tC4?feature=oembed\" frameborder=\"0\" allow=\"accelerometer; autoplay; clipboard-write; encrypted-media; gyroscope; picture-in-picture; web-share\" referrerpolicy=\"strict-origin-when-cross-origin\" allowfullscreen><\/iframe><\/p>\n<p>fin\u00e1le<\/p>\n<p><iframe loading=\"lazy\" title=\"T\u0159eb\u00ed\u010dsk\u00e1 okresn\u00ed liga Sta\u0159e\u010d - 26.08.2018 FIN\u00c1LE\" width=\"500\" height=\"281\" src=\"https:\/\/www.youtube.com\/embed\/eR2jUhnB8kc?feature=oembed\" frameborder=\"0\" allow=\"accelerometer; autoplay; clipboard-write; encrypted-media; gyroscope; picture-in-picture; web-share\" referrerpolicy=\"strict-origin-when-cross-origin\" allowfullscreen><\/iframe><\/p>\n<p><iframe loading=\"lazy\" title=\"Okrsek Sta\u0159e\u010d 6.5.2018 mu\u017ei \u0161tafeta\" width=\"500\" height=\"281\" src=\"https:\/\/www.youtube.com\/embed\/iIhTxm4C1nw?feature=oembed\" frameborder=\"0\" allow=\"accelerometer; autoplay; clipboard-write; encrypted-media; gyroscope; picture-in-picture; web-share\" referrerpolicy=\"strict-origin-when-cross-origin\" allowfullscreen><\/iframe><\/p>\n<p><iframe loading=\"lazy\" title=\"Okrsek Sta\u0159e\u010d 6.5.2018 mu\u017ei po\u017e\u00e1rn\u00ed \u00fatok\" width=\"500\" height=\"281\" src=\"https:\/\/www.youtube.com\/embed\/89swOuUpDek?feature=oembed\" frameborder=\"0\" allow=\"accelerometer; autoplay; clipboard-write; encrypted-media; gyroscope; picture-in-picture; web-share\" referrerpolicy=\"strict-origin-when-cross-origin\" allowfullscreen><\/iframe><\/p>\n<h1>Rok 2016<\/h1>\n<h3>Rozpis sout\u011b\u017e\u00ed<\/h3>\n<p>08. 5. 2016 Myslibo\u0159ice &#8211; 14.m\u00edsto, 20:34, 1 bod<br \/>\n05. 6. 2016 V\u00fd\u010dapy &#8211; 19.m\u00edsto, 19:21, 0 bod\u016f<br \/>\n25. 6. 2016 Kn\u011b\u017eice &#8211; 16.m\u00edsto, 29:99, 0 bod\u016f<br \/>\n10. 7. 2016 Chlum &#8211; 13.m\u00edsto, 20:39, 4 body<br \/>\n16. 7. 2016 Kamenn\u00e1 &#8211; 20.m\u00edsto, nedokon\u010deno, 0 bod\u016f<br \/>\n31. 7. 2016 Litovany &#8211; 7. m\u00edsto, 19:60, 12 bod\u016f<br \/>\n07. 8. 2016 Radon\u00edn &#8211; 11. m\u00edsto, 18:68, 10 bod\u016f<br \/>\n13. 8. 2016 Hrotovice &#8211; 10. m\u00edsto, 19:01, 8 bod\u016f<br \/>\n20. 8. 2016 Ba\u010dice-Ude\u0159ice &#8211; 9. m\u00edsto, 18:15, 8 bod\u016f<br \/>\n21. 8. 2016 Sta\u0159e\u010d &#8211; nedokon\u010deno, 0 bod\u016f<br \/>\n10. 9. 2016 Petrovice<br \/>\n17. 9. 2016 Mlado\u0148ovice<\/p>\n<h2>Fotky a videa<\/h2>\n<h3>Sta\u0159e\u010d<\/h3>\n<p>V\u00fdsledkov\u00e1 listina ke sta\u017een\u00ed <a href=\"https:\/\/sdhstarec.cz\/wp-content\/uploads\/2014\/08\/pohar_starosty_sdh_2016.xls\">ZDE<\/a><br \/>\n[Best_Wordpress_Gallery id=&#8220;46&#8243; gal_title=&#8220;Starec_2016_video&#8220;]<\/p>\n<h3>Ba\u010dice-Ude\u0159ice<\/h3>\n<p>Sta\u0159e\u010d 2:39<\/p>\n<p>[Best_Wordpress_Gallery id=&#8220;44&#8243; gal_title=&#8220;Bacice_2016_video&#8220;]<\/p>\n<p>[Best_Wordpress_Gallery id=&#8220;45&#8243; gal_title=&#8220;Bacice_2016&#8243;]<\/p>\n<h3>Hrotovice<\/h3>\n<p>[Best_Wordpress_Gallery id=&#8220;43&#8243; gal_title=&#8220;Hrotovice_2016&#8243;]<\/p>\n<h3>Litovany<\/h3>\n<p>Sta\u0159e\u010d 2:11<\/p>\n<p>[Best_Wordpress_Gallery id=&#8220;40&#8243; gal_title=&#8220;Litovany_2016_video&#8220;]<\/p>\n<p>[Best_Wordpress_Gallery id=&#8220;42&#8243; gal_title=&#8220;Litovany_2016&#8243;]<\/p>\n<h3>Kamenn\u00e1<\/h3>\n<p>[Best_Wordpress_Gallery id=&#8220;39&#8243; gal_title=&#8220;Kamenna_2016_video&#8220;]<\/p>\n<p>[Best_Wordpress_Gallery id=&#8220;35&#8243; gal_title=&#8220;Kamenna_2016&#8243;]<\/p>\n<h3>Chlum<\/h3>\n<p>Sta\u0159e\u010d 4:31<br \/>\n[Best_Wordpress_Gallery id=&#8220;38&#8243; gal_title=&#8220;Chlum_2016_video&#8220;]<\/p>\n<p>[Best_Wordpress_Gallery id=&#8220;34&#8243; gal_title=&#8220;Chlum_2016&#8243;]<\/p>\n<h3>Kn\u011b\u017eice<\/h3>\n<div style=\"width: 640px;\" class=\"wp-video\"><!--[if lt IE 9]><script>document.createElement('video');<\/script><![endif]-->\n<video class=\"wp-video-shortcode\" id=\"video-40-1\" width=\"640\" height=\"368\" preload=\"metadata\" controls=\"controls\"><source type=\"video\/mp4\" src=\"https:\/\/sdhstarec.cz\/wp-content\/uploads\/2014\/08\/knezice_2016.mp4?_=1\" \/><a href=\"https:\/\/sdhstarec.cz\/wp-content\/uploads\/2014\/08\/knezice_2016.mp4\">https:\/\/sdhstarec.cz\/wp-content\/uploads\/2014\/08\/knezice_2016.mp4<\/a><\/video><\/div>\n<h3>V\u00fd\u010dapy<\/h3>\n<p>[Best_Wordpress_Gallery id=&#8220;37&#8243; gal_title=&#8220;Vycapy_2016&#8243;]<\/p>\n<h3>\u00a0Myslibo\u0159ice<\/h3>\n<p>[Best_Wordpress_Gallery id=&#8220;30&#8243; gal_title=&#8220;Mysliborice_2016&#8243;]<\/p>\n<h1>Rok 2015<\/h1>\n<p>Na\u0161e dru\u017estvo mu\u017e\u016f bez omezen\u00ed se z\u00fa\u010dastnilo v roce 2015 v\u0161ech sout\u011b\u017e\u00ed kter\u00e9 byly za\u0159azeny OLHS okresu T\u0159eb\u00ed\u010d. Um\u00edstili jsme se na 12. m\u00edst\u011b z 85 dru\u017estev se ziskem 67 bod\u016f. Nejlep\u0161\u00edho \u010dasu 18:77 jsme dos\u00e1hli na sout\u011b\u017ei v Radon\u00edn\u011b. Nejlep\u0161\u00ed um\u00edst\u011bn\u00ed jsem dos\u00e1hli ve Vladislavi a to 5. m\u00edsto s \u010dasem 25:35 na n\u00e1st\u0159ikov\u00e9 ter\u010de.<\/p>\n<p><a href=\"https:\/\/sdhstarec.cz\/wp-content\/uploads\/2015\/08\/muzi_2015.jpg\"><img loading=\"lazy\" decoding=\"async\" class=\"alignnone size-medium wp-image-439\" src=\"https:\/\/sdhstarec.cz\/wp-content\/uploads\/2015\/08\/muzi_2015-290x300.jpg\" alt=\"muzi_2015\" width=\"290\" height=\"300\" srcset=\"https:\/\/sdhstarec.cz\/wp-content\/uploads\/2015\/08\/muzi_2015-290x300.jpg 290w, https:\/\/sdhstarec.cz\/wp-content\/uploads\/2015\/08\/muzi_2015-145x150.jpg 145w, https:\/\/sdhstarec.cz\/wp-content\/uploads\/2015\/08\/muzi_2015-989x1024.jpg 989w, https:\/\/sdhstarec.cz\/wp-content\/uploads\/2015\/08\/muzi_2015.jpg 1426w\" sizes=\"auto, (max-width: 290px) 100vw, 290px\" \/><\/a><\/p>\n<h3>Slo\u017een\u00ed dru\u017estva<\/h3>\n<ul>\n<li>Ko\u0161 &#8211; Ondra Dobe\u0161<\/li>\n<li>Savice &#8211; Bo\u017eek Dobe\u0161<\/li>\n<li>Strojn\u00edk &#8211; Vl\u00e1\u010fa Melkus<\/li>\n<li>B\u00e9\u010dka &#8211; Pavel Dole\u017eal<\/li>\n<li>Rozd\u011blova\u010d &#8211; Jakub Dobe\u0161<\/li>\n<li>Lev\u00fd proud &#8211; Petr Karbovn\u00edk<\/li>\n<li>Prav\u00fd proud &#8211; Marek Pokorn\u00fd<\/li>\n<\/ul>\n<p>&nbsp;<\/p>\n<h3>Rozpis sout\u011b\u017e\u00ed<\/h3>\n<p>10.5.2015 Myslibo\u0159ice 27.51 0 bod\u016f<br \/>\n30.5.2015 Opone\u0161ice N 0 bod\u016f<br \/>\n7.6.2015 V\u00fd\u010dapy 26.33 0 bod\u016f<br \/>\n20.6.2015 Kn\u011b\u017eice 19.53 2 body<br \/>\n12.7.2015 Kamenn\u00e1<br \/>\n26.7.2015 Budi\u0161ov 18.80 10 bod\u016f<br \/>\n2.8.2015 Litovany 20.55 3 body<br \/>\n9.8.2015 Radon\u00edn 18.77 10 bod\u016f<br \/>\n16.8.2015 Vladislav 25.35 20 bod\u016f ( n\u00e1st\u0159ikov\u00e9 ter\u010de )<br \/>\n23.8.2015 Sta\u0159e\u010d 19.51 1 bod<br \/>\n30.8.2015 Mlado\u0148ovice 19.49 2 body<br \/>\n12.9.2015 Petrovice 26.07 23 bod\u016f ( n\u00e1st\u0159ikov\u00e9 ter\u010de )<\/p>\n<h2>Fotky a videa<\/h2>\n<h3>Mlado\u0148ovice<\/h3>\n<p>[Best_Wordpress_Gallery id=&#8220;32&#8243; gal_title=&#8220;Mladonovice_2015&#8243;]<\/p>\n<h3>Sta\u0159e\u010d<\/h3>\n<p>OLHS \u2013 STA\u0158E\u010c 23. 8. 2015<br \/>\n23.srpna jsme na na\u0161em h\u0159i\u0161ti po\u0159\u00e1dali jednu ze sout\u011b\u017e\u00ed v po\u017e\u00e1rn\u00edm \u00fatoku dosp\u011bl\u00fdch zapo\u010d\u00edt\u00e1vanou do okresn\u00ed ligy. Sout\u011b\u017ee, kter\u00e1 nese n\u00e1zev \u201eO poh\u00e1r starosty SDH\u201c se z\u00fa\u010dastnilo 25 dru\u017estev mu\u017e\u016f a 13 dru\u017estev \u017een. V \u017eensk\u00e9 kategorii 1. m\u00edsto obsadily hasi\u010dky z Radon\u00edna za \u010das 17,88; 2.m\u00edsto Petrovice 18,08 a 3.m\u00edsto Budi\u0161ov 18,10.<br \/>\nNa\u0161e dru\u017estvo \u017een obsadilo 7. m\u00edsto \u010dasem 19,25 (Eli\u0161ka Trojanov\u00e1 srazila sv\u016fj ter\u010d v \u010dase 18,05).<br \/>\nV kategorii mu\u017e\u016f p\u0159edvedlo nejrychlej\u0161\u00ed po\u017e\u00e1rn\u00ed \u00fatok dru\u017estvo z Mlado\u0148ovic (leto\u0161n\u00ed v\u00edt\u011bz OLHS) a to \u010dasem 16,68; 2.m\u00edsto obsadilo dru\u017estvo z Kamenn\u00e9 17,03 a 3.m\u00edsto pat\u0159ilo hasi\u010d\u016fm z Moravsk\u00fdch Bud\u011bjovic. Na\u0161e dru\u017estvo skon\u010dilo a\u017e na 18.m\u00edst\u011b, kdy\u017e dos\u00e1hlo \u010dasu 19,51 (Marek Pokorn\u00fd srazil sv\u016fj ter\u010d v \u010dase 18,13) V p\u011bti\u010dlen\u00e9m fin\u00e1le mu\u017e\u016f se z v\u00edt\u011bzstv\u00ed nakonec radovalo dru\u017estvo z Moravsk\u00fdch Bud\u011bjovic, kter\u00e9 jako jedinn\u00e9 dokon\u010dilo fin\u00e1lov\u00fd \u00fatok.<br \/>\n<a href=\"https:\/\/sdhstarec.cz\/wp-content\/uploads\/2015\/10\/O-poh\u00e1r-starosty-SDH.jpg\"><img loading=\"lazy\" decoding=\"async\" class=\"alignnone size-medium wp-image-476\" src=\"https:\/\/sdhstarec.cz\/wp-content\/uploads\/2015\/10\/O-poh\u00e1r-starosty-SDH-210x300.jpg\" alt=\"O poh\u00e1r starosty SDH\" width=\"210\" height=\"300\" srcset=\"https:\/\/sdhstarec.cz\/wp-content\/uploads\/2015\/10\/O-poh\u00e1r-starosty-SDH-210x300.jpg 210w, https:\/\/sdhstarec.cz\/wp-content\/uploads\/2015\/10\/O-poh\u00e1r-starosty-SDH-105x150.jpg 105w, https:\/\/sdhstarec.cz\/wp-content\/uploads\/2015\/10\/O-poh\u00e1r-starosty-SDH.jpg 701w\" sizes=\"auto, (max-width: 210px) 100vw, 210px\" \/><\/a><a href=\"https:\/\/sdhstarec.cz\/wp-content\/uploads\/2015\/10\/O-poh\u00e1r-starosty-SDH-II.jpg\"><img loading=\"lazy\" decoding=\"async\" class=\"alignnone size-medium wp-image-475\" src=\"https:\/\/sdhstarec.cz\/wp-content\/uploads\/2015\/10\/O-poh\u00e1r-starosty-SDH-II-210x300.jpg\" alt=\"O poh\u00e1r starosty SDH II\" width=\"210\" height=\"300\" srcset=\"https:\/\/sdhstarec.cz\/wp-content\/uploads\/2015\/10\/O-poh\u00e1r-starosty-SDH-II-210x300.jpg 210w, https:\/\/sdhstarec.cz\/wp-content\/uploads\/2015\/10\/O-poh\u00e1r-starosty-SDH-II-105x150.jpg 105w, https:\/\/sdhstarec.cz\/wp-content\/uploads\/2015\/10\/O-poh\u00e1r-starosty-SDH-II.jpg 701w\" sizes=\"auto, (max-width: 210px) 100vw, 210px\" \/><\/a><br \/>\n[Best_Wordpress_Gallery id=&#8220;24&#8243; gal_title=&#8220;Starec_2015_muzi&#8220;]<\/p>\n<h3>Budi\u0161ov<\/h3>\n<p>[Best_Wordpress_Gallery id=&#8220;22&#8243; gal_title=&#8220;Budisov_2015_muzi&#8220;]<\/p>\n<h3>Kojat\u00edn<\/h3>\n<div style=\"width: 640px;\" class=\"wp-video\"><video class=\"wp-video-shortcode\" id=\"video-40-2\" width=\"640\" height=\"480\" preload=\"metadata\" controls=\"controls\"><source type=\"video\/mp4\" src=\"https:\/\/sdhstarec.cz\/wp-content\/uploads\/2015\/08\/Kojatin_muzi_5_misto.mp4?_=2\" \/><a href=\"https:\/\/sdhstarec.cz\/wp-content\/uploads\/2015\/08\/Kojatin_muzi_5_misto.mp4\">https:\/\/sdhstarec.cz\/wp-content\/uploads\/2015\/08\/Kojatin_muzi_5_misto.mp4<\/a><\/video><\/div>\n<h3>Litovany<\/h3>\n<p>[Best_Wordpress_Gallery id=&#8220;20&#8243; gal_title=&#8220;Litovany_2015_muzi&#8220;]<\/p>\n<h3>Radon\u00edn<\/h3>\n<p>[Best_Wordpress_Gallery id=&#8220;21&#8243; gal_title=&#8220;Radonin_2015_muzi&#8220;]<\/p>\n<h3>Mastn\u00edk<\/h3>\n<p>[Best_Wordpress_Gallery id=&#8220;11&#8243; gal_title=&#8220;Mastnik_2015_07_04&#8243;]<\/p>\n<div style=\"width: 404px;\" class=\"wp-video\"><video class=\"wp-video-shortcode\" id=\"video-40-3\" width=\"404\" height=\"720\" preload=\"metadata\" controls=\"controls\"><source type=\"video\/mp4\" src=\"https:\/\/sdhstarec.cz\/wp-content\/uploads\/2015\/07\/mastnik_2015_v2.mp4?_=3\" \/><a href=\"https:\/\/sdhstarec.cz\/wp-content\/uploads\/2015\/07\/mastnik_2015_v2.mp4\">https:\/\/sdhstarec.cz\/wp-content\/uploads\/2015\/07\/mastnik_2015_v2.mp4<\/a><\/video><\/div>\n<h3>Myslibo\u0159ice:<\/h3>\n<p>[Best_Wordpress_Gallery id=&#8220;4&#8243; gal_title=&#8220;Myslibo\u0159ice 2015&#8243;]<\/p>\n<h3>Opone\u0161ice:<\/h3>\n<p>[Best_Wordpress_Gallery id=&#8220;5&#8243; gal_title=&#8220;Opone\u0161ice 2015&#8243;]<\/p>\n<h3>V\u00fd\u010dapy:<\/h3>\n<p>[Best_Wordpress_Gallery id=&#8220;7&#8243; gal_title=&#8220;V\u00fd\u010dapy 2015&#8243;]<\/p>\n<h3>Kn\u011b\u017eice:<\/h3>\n<p>[Best_Wordpress_Gallery id=&#8220;13&#8243; gal_title=&#8220;Kn\u011b\u017eice mu\u017ei 2015&#8243;]<\/p>\n<h3><\/h3>\n","protected":false},"excerpt":{"rendered":"<p>Slo\u017een\u00ed dru\u017estva Ko\u0161 &#8211; Ondra Dobe\u0161 Savice &#8211; Tonda Bartejs Strojn\u00edk &#8211; Vl\u00e1\u010fa Melkus B\u00e9\u010dka &#8211; Pavel Dole\u017eal Rozd\u011blova\u010d &#8211; Jakub Dobe\u0161 Lev\u00fd proud &#8211; Petr Karbovn\u00edk Prav\u00fd proud &#8211; Marek Pokorn\u00fd Rok 2018 TRL Sta\u0159e\u010d fin\u00e1le Rok 2016 Rozpis sout\u011b\u017e\u00ed 08. 5. 2016 Myslibo\u0159ice &#8211; 14.m\u00edsto, 20:34, 1 bod 05. 6. 2016 V\u00fd\u010dapy &#8211; [&hellip;]<\/p>\n","protected":false},"author":1,"featured_media":0,"parent":0,"menu_order":0,"comment_status":"open","ping_status":"open","template":"","meta":{"footnotes":""},"class_list":["post-40","page","type-page","status-publish","hentry"],"jetpack_sharing_enabled":true,"_links":{"self":[{"href":"https:\/\/sdhstarec.cz\/index.php?rest_route=\/wp\/v2\/pages\/40","targetHints":{"allow":["GET"]}}],"collection":[{"href":"https:\/\/sdhstarec.cz\/index.php?rest_route=\/wp\/v2\/pages"}],"about":[{"href":"https:\/\/sdhstarec.cz\/index.php?rest_route=\/wp\/v2\/types\/page"}],"author":[{"embeddable":true,"href":"https:\/\/sdhstarec.cz\/index.php?rest_route=\/wp\/v2\/users\/1"}],"replies":[{"embeddable":true,"href":"https:\/\/sdhstarec.cz\/index.php?rest_route=%2Fwp%2Fv2%2Fcomments&post=40"}],"version-history":[{"count":16,"href":"https:\/\/sdhstarec.cz\/index.php?rest_route=\/wp\/v2\/pages\/40\/revisions"}],"predecessor-version":[{"id":1072,"href":"https:\/\/sdhstarec.cz\/index.php?rest_route=\/wp\/v2\/pages\/40\/revisions\/1072"}],"wp:attachment":[{"href":"https:\/\/sdhstarec.cz\/index.php?rest_route=%2Fwp%2Fv2%2Fmedia&parent=40"}],"curies":[{"name":"wp","href":"https:\/\/api.w.org\/{rel}","templated":true}]}}