         {"id":27,"date":"2014-08-05T18:57:47","date_gmt":"2014-08-05T17:57:47","guid":{"rendered":"http:\/\/sdhstarec.cz\/?page_id=27"},"modified":"2016-05-12T20:35:08","modified_gmt":"2016-05-12T19:35:08","slug":"pozarni-sport","status":"publish","type":"page","link":"https:\/\/sdhstarec.cz\/?page_id=27","title":{"rendered":"Po\u017e\u00e1rn\u00ed sport"},"content":{"rendered":"<h1><a href = \/?page_id=40>Mu\u017ei bez omezen\u00ed<\/a><\/h1>\n<h1><a href = \/?page_id=42>Mu\u017ei nad 35 let<\/a><\/h1>\n<h1><a href = \/?page_id=44>\u017deny<\/a><\/h1>\n<h1><a href = \/?page_id=46>\u017d\u00e1ci<\/a><\/h1>\n","protected":false},"excerpt":{"rendered":"<p>Mu\u017ei bez omezen\u00ed Mu\u017ei nad 35 let \u017deny \u017d\u00e1ci<\/p>\n","protected":false},"author":1,"featured_media":0,"parent":0,"menu_order":0,"comment_status":"open","ping_status":"open","template":"","meta":{"footnotes":""},"class_list":["post-27","page","type-page","status-publish","hentry"],"jetpack_sharing_enabled":true,"_links":{"self":[{"href":"https:\/\/sdhstarec.cz\/index.php?rest_route=\/wp\/v2\/pages\/27","targetHints":{"allow":["GET"]}}],"collection":[{"href":"https:\/\/sdhstarec.cz\/index.php?rest_route=\/wp\/v2\/pages"}],"about":[{"href":"https:\/\/sdhstarec.cz\/index.php?rest_route=\/wp\/v2\/types\/page"}],"author":[{"embeddable":true,"href":"https:\/\/sdhstarec.cz\/index.php?rest_route=\/wp\/v2\/users\/1"}],"replies":[{"embeddable":true,"href":"https:\/\/sdhstarec.cz\/index.php?rest_route=%2Fwp%2Fv2%2Fcomments&post=27"}],"version-history":[{"count":6,"href":"https:\/\/sdhstarec.cz\/index.php?rest_route=\/wp\/v2\/pages\/27\/revisions"}],"predecessor-version":[{"id":571,"href":"https:\/\/sdhstarec.cz\/index.php?rest_route=\/wp\/v2\/pages\/27\/revisions\/571"}],"wp:attachment":[{"href":"https:\/\/sdhstarec.cz\/index.php?rest_route=%2Fwp%2Fv2%2Fmedia&parent=27"}],"curies":[{"name":"wp","href":"https:\/\/api.w.org\/{rel}","templated":true}]}}