         {"id":15,"date":"2014-08-05T18:55:32","date_gmt":"2014-08-05T17:55:32","guid":{"rendered":"http:\/\/sdhstarec.cz\/?page_id=15"},"modified":"2014-08-18T18:46:08","modified_gmt":"2014-08-18T17:46:08","slug":"sponzori","status":"publish","type":"page","link":"https:\/\/sdhstarec.cz\/?page_id=15","title":{"rendered":"Sponzo\u0159i"},"content":{"rendered":"<p><H1>Na\u0161i hlavn\u00ed sponzo\u0159i:<\/H1><\/p>\n<p><center><img src =\/wp-content\/uploads\/2014\/08\/logo_starec.jpg align: \"middle\" float: \"left\"><\/center><\/p>\n<p><center><H3>M\u011bstys Sta\u0159e\u010d<\/H3><\/center><\/p>\n<p><center><img src =\/wp-content\/uploads\/2014\/08\/logo_dolezal.jpg align: \"middle\" float: \"left\"><\/center><\/p>\n<p><center><H3>\u0158eznictv\u00ed a uzen\u00e1\u0159stv\u00ed Karel Dole\u017eal &#8211; Sta\u0159e\u010d<\/H3><\/center><\/p>\n<p><center><img src =\/wp-content\/uploads\/2014\/08\/logo_Materna.png align: \"middle\" float: \"left\"><\/center><\/p>\n<p><center><H3>Ota Materna &#8211; kovov\u00fdroba<\/H3><\/center><\/p>\n","protected":false},"excerpt":{"rendered":"<p>Na\u0161i hlavn\u00ed sponzo\u0159i: M\u011bstys Sta\u0159e\u010d \u0158eznictv\u00ed a uzen\u00e1\u0159stv\u00ed Karel Dole\u017eal &#8211; Sta\u0159e\u010d Ota Materna &#8211; kovov\u00fdroba<\/p>\n","protected":false},"author":1,"featured_media":0,"parent":0,"menu_order":0,"comment_status":"open","ping_status":"open","template":"","meta":{"footnotes":""},"class_list":["post-15","page","type-page","status-publish","hentry"],"jetpack_sharing_enabled":true,"_links":{"self":[{"href":"https:\/\/sdhstarec.cz\/index.php?rest_route=\/wp\/v2\/pages\/15","targetHints":{"allow":["GET"]}}],"collection":[{"href":"https:\/\/sdhstarec.cz\/index.php?rest_route=\/wp\/v2\/pages"}],"about":[{"href":"https:\/\/sdhstarec.cz\/index.php?rest_route=\/wp\/v2\/types\/page"}],"author":[{"embeddable":true,"href":"https:\/\/sdhstarec.cz\/index.php?rest_route=\/wp\/v2\/users\/1"}],"replies":[{"embeddable":true,"href":"https:\/\/sdhstarec.cz\/index.php?rest_route=%2Fwp%2Fv2%2Fcomments&post=15"}],"version-history":[{"count":13,"href":"https:\/\/sdhstarec.cz\/index.php?rest_route=\/wp\/v2\/pages\/15\/revisions"}],"predecessor-version":[{"id":103,"href":"https:\/\/sdhstarec.cz\/index.php?rest_route=\/wp\/v2\/pages\/15\/revisions\/103"}],"wp:attachment":[{"href":"https:\/\/sdhstarec.cz\/index.php?rest_route=%2Fwp%2Fv2%2Fmedia&parent=15"}],"curies":[{"name":"wp","href":"https:\/\/api.w.org\/{rel}","templated":true}]}}