         {"id":13,"date":"2014-08-05T18:55:14","date_gmt":"2014-08-05T17:55:14","guid":{"rendered":"http:\/\/sdhstarec.cz\/?page_id=13"},"modified":"2022-11-19T11:22:48","modified_gmt":"2022-11-19T10:22:48","slug":"kontakty","status":"publish","type":"page","link":"https:\/\/sdhstarec.cz\/?page_id=13","title":{"rendered":"Kontakty"},"content":{"rendered":"<p>Sbor dobrovoln\u00fdch hasi\u010d\u016f<br \/>\nS T A \u0158 E \u010c<br \/>\nJakubsk\u00e9 n\u00e1m\u011bst\u00ed 515<br \/>\n675 22 Sta\u0159e\u010d<br \/>\nokres T\u0159eb\u00ed\u010d<\/p>\n<p>I\u010cO:642 70 297 DI\u010c: CZ64270297<\/p>\n<p>e-mail adresa: hasicistarec@gmail.com<br \/>\nz\u00e1sahov\u00e1 jednotka: jednotkastarec@gmail.com<\/p>\n<p>Kontaktn\u00ed osoby:<\/p>\n<p>Starosta sboru: BART\u00cdK Ji\u0159\u00ed &#8211; tel. 602240546<br \/>\nVelitel sboru: LINHART \u010cestm\u00edr &#8211; tel. 723030654<\/p>\n","protected":false},"excerpt":{"rendered":"<p>Sbor dobrovoln\u00fdch hasi\u010d\u016f S T A \u0158 E \u010c Jakubsk\u00e9 n\u00e1m\u011bst\u00ed 515 675 22 Sta\u0159e\u010d okres T\u0159eb\u00ed\u010d I\u010cO:642 70 297 DI\u010c: CZ64270297 e-mail adresa: hasicistarec@gmail.com z\u00e1sahov\u00e1 jednotka: jednotkastarec@gmail.com Kontaktn\u00ed osoby: Starosta sboru: BART\u00cdK Ji\u0159\u00ed &#8211; tel. 602240546 Velitel sboru: LINHART \u010cestm\u00edr &#8211; tel. 723030654<\/p>\n","protected":false},"author":1,"featured_media":0,"parent":0,"menu_order":0,"comment_status":"open","ping_status":"open","template":"","meta":{"footnotes":""},"class_list":["post-13","page","type-page","status-publish","hentry"],"jetpack_sharing_enabled":true,"_links":{"self":[{"href":"https:\/\/sdhstarec.cz\/index.php?rest_route=\/wp\/v2\/pages\/13","targetHints":{"allow":["GET"]}}],"collection":[{"href":"https:\/\/sdhstarec.cz\/index.php?rest_route=\/wp\/v2\/pages"}],"about":[{"href":"https:\/\/sdhstarec.cz\/index.php?rest_route=\/wp\/v2\/types\/page"}],"author":[{"embeddable":true,"href":"https:\/\/sdhstarec.cz\/index.php?rest_route=\/wp\/v2\/users\/1"}],"replies":[{"embeddable":true,"href":"https:\/\/sdhstarec.cz\/index.php?rest_route=%2Fwp%2Fv2%2Fcomments&post=13"}],"version-history":[{"count":7,"href":"https:\/\/sdhstarec.cz\/index.php?rest_route=\/wp\/v2\/pages\/13\/revisions"}],"predecessor-version":[{"id":2695,"href":"https:\/\/sdhstarec.cz\/index.php?rest_route=\/wp\/v2\/pages\/13\/revisions\/2695"}],"wp:attachment":[{"href":"https:\/\/sdhstarec.cz\/index.php?rest_route=%2Fwp%2Fv2%2Fmedia&parent=13"}],"curies":[{"name":"wp","href":"https:\/\/api.w.org\/{rel}","templated":true}]}}